{"id":761,"date":"2025-11-14T07:29:04","date_gmt":"2025-11-14T07:29:04","guid":{"rendered":"https:\/\/palegreen-echidna-456677.hostingersite.com\/?page_id=761"},"modified":"2025-11-14T10:29:49","modified_gmt":"2025-11-14T10:29:49","slug":"%d8%a7%d8%aa%d8%b5%d9%84-%d8%a8%d9%86%d8%a7","status":"publish","type":"page","link":"https:\/\/fornixx.com\/es\/%d8%a7%d8%aa%d8%b5%d9%84-%d8%a8%d9%86%d8%a7\/","title":{"rendered":"Cont\u00e1ctenos"},"content":{"rendered":"<div data-elementor-type=\"wp-page\" data-elementor-id=\"761\" class=\"elementor elementor-761\">\n\t\t\t\t<div class=\"aux-parallax-section elementor-element elementor-element-Ti683m2 e-flex e-con-boxed e-con e-parent\" data-id=\"Ti683m2\" data-element_type=\"container\">\n\t\t\t\t\t<div class=\"e-con-inner\">\n\t\t<div class=\"elementor-element elementor-element-hCXE9vN e-con-full e-flex e-con e-child\" data-id=\"hCXE9vN\" data-element_type=\"container\">\n\t\t\t\t<div class=\"elementor-element elementor-element-zwxs2J8 elementor-widget elementor-widget-heading\" data-id=\"zwxs2J8\" data-element_type=\"widget\" data-widget_type=\"heading.default\">\n\t\t\t\t<div class=\"elementor-widget-container\">\n\t\t\t\t\t<h1 class=\"elementor-heading-title elementor-size-default\">Cont\u00e1ctenos<\/h1>\t\t\t\t<\/div>\n\t\t\t\t<\/div>\n\t\t\t\t<div class=\"elementor-element elementor-element-mps9SuX elementor-widget elementor-widget-text-editor\" data-id=\"mps9SuX\" data-element_type=\"widget\" data-widget_type=\"text-editor.default\">\n\t\t\t\t<div class=\"elementor-widget-container\">\n\t\t\t\t\t\t\t\t\t<p class=\"translation-block\">En <strong data-start=\"112\" data-end=\"129\">FORNIX<\/strong> estamos listos para responder cualquier pregunta relacionada con equipos para panader\u00edas y l\u00edneas de producci\u00f3n. Cont\u00e1ctenos y nuestro equipo estar\u00e1 encantado de atenderle.<\/p>\t\t\t\t\t\t\t\t<\/div>\n\t\t\t\t<\/div>\n\t\t\t\t<\/div>\n\t\t\t\t\t<\/div>\n\t\t\t\t<\/div>\n\t\t<div class=\"aux-parallax-section elementor-element elementor-element-92a622d e-flex e-con-boxed e-con e-parent\" data-id=\"92a622d\" data-element_type=\"container\">\n\t\t\t\t\t<div class=\"e-con-inner\">\n\t\t\t\t\t<\/div>\n\t\t\t\t<\/div>\n\t\t<div class=\"aux-parallax-section elementor-element elementor-element-c249c8b e-flex e-con-boxed e-con e-parent\" data-id=\"c249c8b\" data-element_type=\"container\">\n\t\t\t\t\t<div class=\"e-con-inner\">\n\t\t\t\t<div class=\"elementor-element elementor-element-07aa99d elementor-align-right elementor-list-item-link-full_width elementor-widget elementor-widget-icon-list\" data-id=\"07aa99d\" data-element_type=\"widget\" data-widget_type=\"icon-list.default\">\n\t\t\t\t<div class=\"elementor-widget-container\">\n\t\t\t\t\t\t\t<ul class=\"elementor-icon-list-items\">\n\t\t\t\t\t\t\t<li class=\"elementor-icon-list-item\">\n\t\t\t\t\t\t\t\t\t\t\t<span class=\"elementor-icon-list-icon\">\n\t\t\t\t\t\t\t<i aria-hidden=\"true\" class=\"auxicon auxicon-email\"><\/i>\t\t\t\t\t\t<\/span>\n\t\t\t\t\t\t\t\t\t\t<span class=\"elementor-icon-list-text\">info@palegreen-echidna-456677.hostingersite.com<\/span>\n\t\t\t\t\t\t\t\t\t<\/li>\n\t\t\t\t\t\t\t\t<li class=\"elementor-icon-list-item\">\n\t\t\t\t\t\t\t\t\t\t\t<span class=\"elementor-icon-list-icon\">\n\t\t\t\t\t\t\t<i aria-hidden=\"true\" class=\"fas fa-phone-volume\"><\/i>\t\t\t\t\t\t<\/span>\n\t\t\t\t\t\t\t\t\t\t<span class=\"elementor-icon-list-text\">00905413929436<\/span>\n\t\t\t\t\t\t\t\t\t<\/li>\n\t\t\t\t\t\t\t\t<li class=\"elementor-icon-list-item\">\n\t\t\t\t\t\t\t\t\t\t\t<span class=\"elementor-icon-list-icon\">\n\t\t\t\t\t\t\t<i aria-hidden=\"true\" class=\"auxicon auxicon-home-2\"><\/i>\t\t\t\t\t\t<\/span>\n\t\t\t\t\t\t\t\t\t\t<span class=\"elementor-icon-list-text\">Turkey-Konya<\/span>\n\t\t\t\t\t\t\t\t\t<\/li>\n\t\t\t\t\t\t<\/ul>\n\t\t\t\t\t\t<\/div>\n\t\t\t\t<\/div>\n\t\t\t\t\t<\/div>\n\t\t\t\t<\/div>\n\t\t\t\t<\/div>","protected":false},"excerpt":{"rendered":"<p>\u0627\u062a\u0635\u0644 \u0628\u0646\u0627 \u0641\u064a \u0641\u0648\u0631\u0646\u0643\u0633 FORNIX \u0646\u062d\u0646 \u062c\u0627\u0647\u0632\u0648\u0646 \u0644\u0644\u0625\u062c\u0627\u0628\u0629 \u0639\u0646 \u0623\u064a \u0627\u0633\u062a\u0641\u0633\u0627\u0631 \u064a\u062a\u0639\u0644\u0642 \u0628\u0645\u0639\u062f\u0627\u062a \u0627\u0644\u0645\u062e\u0627\u0628\u0632 \u0648\u062e\u0637\u0648\u0637 \u0627\u0644\u0625\u0646\u062a\u0627\u062c. \u062a\u0648\u0627\u0635\u0644 \u0645\u0639\u0646\u0627 \u0648\u0633\u064a\u0633\u0639\u062f \u0641\u0631\u064a\u0642\u0646\u0627 \u0628\u062e\u062f\u0645\u062a\u0643. info@palegreen-echidna-456677.hostingersite.com 00905413929436 Turkey-Konya<\/p>","protected":false},"author":1,"featured_media":0,"parent":0,"menu_order":0,"comment_status":"closed","ping_status":"closed","template":"","meta":{"_joinchat":[],"footnotes":""},"class_list":["post-761","page","type-page","status-publish","hentry"],"yoast_head":"<!-- This site is optimized with the Yoast SEO plugin v26.3 - https:\/\/yoast.com\/wordpress\/plugins\/seo\/ -->\n<title>\u0627\u062a\u0635\u0644 \u0628\u0646\u0627 - Fornix \u0641\u0648\u0631\u0646\u0643\u0633<\/title>\n<meta name=\"robots\" content=\"index, follow, max-snippet:-1, max-image-preview:large, max-video-preview:-1\" \/>\n<link rel=\"canonical\" href=\"https:\/\/palegreen-echidna-456677.hostingersite.com\/\u0627\u062a\u0635\u0644-\u0628\u0646\u0627\/\" \/>\n<meta property=\"og:locale\" content=\"es_ES\" \/>\n<meta property=\"og:type\" content=\"article\" \/>\n<meta property=\"og:title\" content=\"\u0627\u062a\u0635\u0644 \u0628\u0646\u0627 - Fornix \u0641\u0648\u0631\u0646\u0643\u0633\" \/>\n<meta property=\"og:description\" content=\"\u0627\u062a\u0635\u0644 \u0628\u0646\u0627 \u0641\u064a \u0641\u0648\u0631\u0646\u0643\u0633 FORNIX \u0646\u062d\u0646 \u062c\u0627\u0647\u0632\u0648\u0646 \u0644\u0644\u0625\u062c\u0627\u0628\u0629 \u0639\u0646 \u0623\u064a \u0627\u0633\u062a\u0641\u0633\u0627\u0631 \u064a\u062a\u0639\u0644\u0642 \u0628\u0645\u0639\u062f\u0627\u062a \u0627\u0644\u0645\u062e\u0627\u0628\u0632 \u0648\u062e\u0637\u0648\u0637 \u0627\u0644\u0625\u0646\u062a\u0627\u062c. \u062a\u0648\u0627\u0635\u0644 \u0645\u0639\u0646\u0627 \u0648\u0633\u064a\u0633\u0639\u062f \u0641\u0631\u064a\u0642\u0646\u0627 \u0628\u062e\u062f\u0645\u062a\u0643. info@palegreen-echidna-456677.hostingersite.com 00905413929436 Turkey-Konya\" \/>\n<meta property=\"og:url\" content=\"https:\/\/palegreen-echidna-456677.hostingersite.com\/\u0627\u062a\u0635\u0644-\u0628\u0646\u0627\/\" \/>\n<meta property=\"og:site_name\" content=\"Fornix \u0641\u0648\u0631\u0646\u0643\u0633\" \/>\n<meta property=\"article:modified_time\" content=\"2025-11-14T10:29:49+00:00\" \/>\n<meta name=\"twitter:card\" content=\"summary_large_image\" \/>\n<script type=\"application\/ld+json\" class=\"yoast-schema-graph\">{\"@context\":\"https:\/\/schema.org\",\"@graph\":[{\"@type\":\"WebPage\",\"@id\":\"https:\/\/palegreen-echidna-456677.hostingersite.com\/%d8%a7%d8%aa%d8%b5%d9%84-%d8%a8%d9%86%d8%a7\/\",\"url\":\"https:\/\/palegreen-echidna-456677.hostingersite.com\/%d8%a7%d8%aa%d8%b5%d9%84-%d8%a8%d9%86%d8%a7\/\",\"name\":\"\u0627\u062a\u0635\u0644 \u0628\u0646\u0627 - Fornix \u0641\u0648\u0631\u0646\u0643\u0633\",\"isPartOf\":{\"@id\":\"https:\/\/palegreen-echidna-456677.hostingersite.com\/#website\"},\"datePublished\":\"2025-11-14T07:29:04+00:00\",\"dateModified\":\"2025-11-14T10:29:49+00:00\",\"breadcrumb\":{\"@id\":\"https:\/\/palegreen-echidna-456677.hostingersite.com\/%d8%a7%d8%aa%d8%b5%d9%84-%d8%a8%d9%86%d8%a7\/#breadcrumb\"},\"inLanguage\":\"es\",\"potentialAction\":[{\"@type\":\"ReadAction\",\"target\":[\"https:\/\/palegreen-echidna-456677.hostingersite.com\/%d8%a7%d8%aa%d8%b5%d9%84-%d8%a8%d9%86%d8%a7\/\"]}]},{\"@type\":\"BreadcrumbList\",\"@id\":\"https:\/\/palegreen-echidna-456677.hostingersite.com\/%d8%a7%d8%aa%d8%b5%d9%84-%d8%a8%d9%86%d8%a7\/#breadcrumb\",\"itemListElement\":[{\"@type\":\"ListItem\",\"position\":1,\"name\":\"\u0627\u0644\u0631\u0626\u064a\u0633\u064a\u0629\",\"item\":\"https:\/\/palegreen-echidna-456677.hostingersite.com\/\"},{\"@type\":\"ListItem\",\"position\":2,\"name\":\"\u0627\u062a\u0635\u0644 \u0628\u0646\u0627\"}]},{\"@type\":\"WebSite\",\"@id\":\"https:\/\/palegreen-echidna-456677.hostingersite.com\/#website\",\"url\":\"https:\/\/palegreen-echidna-456677.hostingersite.com\/\",\"name\":\"Fornix \u0641\u0648\u0631\u0646\u0643\u0633\",\"description\":\"\",\"publisher\":{\"@id\":\"https:\/\/palegreen-echidna-456677.hostingersite.com\/#organization\"},\"potentialAction\":[{\"@type\":\"SearchAction\",\"target\":{\"@type\":\"EntryPoint\",\"urlTemplate\":\"https:\/\/palegreen-echidna-456677.hostingersite.com\/?s={search_term_string}\"},\"query-input\":{\"@type\":\"PropertyValueSpecification\",\"valueRequired\":true,\"valueName\":\"search_term_string\"}}],\"inLanguage\":\"es\"},{\"@type\":\"Organization\",\"@id\":\"https:\/\/palegreen-echidna-456677.hostingersite.com\/#organization\",\"name\":\"Fornix \u0641\u0648\u0631\u0646\u0643\u0633\",\"url\":\"https:\/\/palegreen-echidna-456677.hostingersite.com\/\",\"logo\":{\"@type\":\"ImageObject\",\"inLanguage\":\"es\",\"@id\":\"https:\/\/palegreen-echidna-456677.hostingersite.com\/#\/schema\/logo\/image\/\",\"url\":\"https:\/\/fornixx.com\/wp-content\/uploads\/2025\/11\/\u0644\u0648\u063a\u0648-\u0627\u0644\u0645\u0648\u0642\u0639.webp\",\"contentUrl\":\"https:\/\/fornixx.com\/wp-content\/uploads\/2025\/11\/\u0644\u0648\u063a\u0648-\u0627\u0644\u0645\u0648\u0642\u0639.webp\",\"width\":250,\"height\":80,\"caption\":\"Fornix \u0641\u0648\u0631\u0646\u0643\u0633\"},\"image\":{\"@id\":\"https:\/\/palegreen-echidna-456677.hostingersite.com\/#\/schema\/logo\/image\/\"}}]}<\/script>\n<!-- \/ Yoast SEO plugin. -->","yoast_head_json":{"title":"\u0627\u062a\u0635\u0644 \u0628\u0646\u0627 - Fornix \u0641\u0648\u0631\u0646\u0643\u0633","robots":{"index":"index","follow":"follow","max-snippet":"max-snippet:-1","max-image-preview":"max-image-preview:large","max-video-preview":"max-video-preview:-1"},"canonical":"https:\/\/palegreen-echidna-456677.hostingersite.com\/\u0627\u062a\u0635\u0644-\u0628\u0646\u0627\/","og_locale":"es_ES","og_type":"article","og_title":"\u0627\u062a\u0635\u0644 \u0628\u0646\u0627 - Fornix \u0641\u0648\u0631\u0646\u0643\u0633","og_description":"\u0627\u062a\u0635\u0644 \u0628\u0646\u0627 \u0641\u064a \u0641\u0648\u0631\u0646\u0643\u0633 FORNIX \u0646\u062d\u0646 \u062c\u0627\u0647\u0632\u0648\u0646 \u0644\u0644\u0625\u062c\u0627\u0628\u0629 \u0639\u0646 \u0623\u064a \u0627\u0633\u062a\u0641\u0633\u0627\u0631 \u064a\u062a\u0639\u0644\u0642 \u0628\u0645\u0639\u062f\u0627\u062a \u0627\u0644\u0645\u062e\u0627\u0628\u0632 \u0648\u062e\u0637\u0648\u0637 \u0627\u0644\u0625\u0646\u062a\u0627\u062c. \u062a\u0648\u0627\u0635\u0644 \u0645\u0639\u0646\u0627 \u0648\u0633\u064a\u0633\u0639\u062f \u0641\u0631\u064a\u0642\u0646\u0627 \u0628\u062e\u062f\u0645\u062a\u0643. info@palegreen-echidna-456677.hostingersite.com 00905413929436 Turkey-Konya","og_url":"https:\/\/palegreen-echidna-456677.hostingersite.com\/\u0627\u062a\u0635\u0644-\u0628\u0646\u0627\/","og_site_name":"Fornix \u0641\u0648\u0631\u0646\u0643\u0633","article_modified_time":"2025-11-14T10:29:49+00:00","twitter_card":"summary_large_image","schema":{"@context":"https:\/\/schema.org","@graph":[{"@type":"WebPage","@id":"https:\/\/palegreen-echidna-456677.hostingersite.com\/%d8%a7%d8%aa%d8%b5%d9%84-%d8%a8%d9%86%d8%a7\/","url":"https:\/\/palegreen-echidna-456677.hostingersite.com\/%d8%a7%d8%aa%d8%b5%d9%84-%d8%a8%d9%86%d8%a7\/","name":"\u0627\u062a\u0635\u0644 \u0628\u0646\u0627 - Fornix \u0641\u0648\u0631\u0646\u0643\u0633","isPartOf":{"@id":"https:\/\/palegreen-echidna-456677.hostingersite.com\/#website"},"datePublished":"2025-11-14T07:29:04+00:00","dateModified":"2025-11-14T10:29:49+00:00","breadcrumb":{"@id":"https:\/\/palegreen-echidna-456677.hostingersite.com\/%d8%a7%d8%aa%d8%b5%d9%84-%d8%a8%d9%86%d8%a7\/#breadcrumb"},"inLanguage":"es","potentialAction":[{"@type":"ReadAction","target":["https:\/\/palegreen-echidna-456677.hostingersite.com\/%d8%a7%d8%aa%d8%b5%d9%84-%d8%a8%d9%86%d8%a7\/"]}]},{"@type":"BreadcrumbList","@id":"https:\/\/palegreen-echidna-456677.hostingersite.com\/%d8%a7%d8%aa%d8%b5%d9%84-%d8%a8%d9%86%d8%a7\/#breadcrumb","itemListElement":[{"@type":"ListItem","position":1,"name":"\u0627\u0644\u0631\u0626\u064a\u0633\u064a\u0629","item":"https:\/\/palegreen-echidna-456677.hostingersite.com\/"},{"@type":"ListItem","position":2,"name":"\u0627\u062a\u0635\u0644 \u0628\u0646\u0627"}]},{"@type":"WebSite","@id":"https:\/\/palegreen-echidna-456677.hostingersite.com\/#website","url":"https:\/\/palegreen-echidna-456677.hostingersite.com\/","name":"Fornics Fornix","description":"","publisher":{"@id":"https:\/\/palegreen-echidna-456677.hostingersite.com\/#organization"},"potentialAction":[{"@type":"SearchAction","target":{"@type":"EntryPoint","urlTemplate":"https:\/\/palegreen-echidna-456677.hostingersite.com\/?s={search_term_string}"},"query-input":{"@type":"PropertyValueSpecification","valueRequired":true,"valueName":"search_term_string"}}],"inLanguage":"es"},{"@type":"Organization","@id":"https:\/\/palegreen-echidna-456677.hostingersite.com\/#organization","name":"Fornics Fornix","url":"https:\/\/palegreen-echidna-456677.hostingersite.com\/","logo":{"@type":"ImageObject","inLanguage":"es","@id":"https:\/\/palegreen-echidna-456677.hostingersite.com\/#\/schema\/logo\/image\/","url":"https:\/\/fornixx.com\/wp-content\/uploads\/2025\/11\/\u0644\u0648\u063a\u0648-\u0627\u0644\u0645\u0648\u0642\u0639.webp","contentUrl":"https:\/\/fornixx.com\/wp-content\/uploads\/2025\/11\/\u0644\u0648\u063a\u0648-\u0627\u0644\u0645\u0648\u0642\u0639.webp","width":250,"height":80,"caption":"Fornix \u0641\u0648\u0631\u0646\u0643\u0633"},"image":{"@id":"https:\/\/palegreen-echidna-456677.hostingersite.com\/#\/schema\/logo\/image\/"}}]}},"_hostinger_reach_plugin_has_subscription_block":false,"_hostinger_reach_plugin_is_elementor":false,"_links":{"self":[{"href":"https:\/\/fornixx.com\/es\/wp-json\/wp\/v2\/pages\/761","targetHints":{"allow":["GET"]}}],"collection":[{"href":"https:\/\/fornixx.com\/es\/wp-json\/wp\/v2\/pages"}],"about":[{"href":"https:\/\/fornixx.com\/es\/wp-json\/wp\/v2\/types\/page"}],"author":[{"embeddable":true,"href":"https:\/\/fornixx.com\/es\/wp-json\/wp\/v2\/users\/1"}],"replies":[{"embeddable":true,"href":"https:\/\/fornixx.com\/es\/wp-json\/wp\/v2\/comments?post=761"}],"version-history":[{"count":19,"href":"https:\/\/fornixx.com\/es\/wp-json\/wp\/v2\/pages\/761\/revisions"}],"predecessor-version":[{"id":893,"href":"https:\/\/fornixx.com\/es\/wp-json\/wp\/v2\/pages\/761\/revisions\/893"}],"wp:attachment":[{"href":"https:\/\/fornixx.com\/es\/wp-json\/wp\/v2\/media?parent=761"}],"curies":[{"name":"wp","href":"https:\/\/api.w.org\/{rel}","templated":true}]}}